{"id":30,"date":"2023-12-19T13:50:10","date_gmt":"2023-12-19T12:50:10","guid":{"rendered":"http:\/\/dragonaccel.com\/wordpress\/?page_id=30"},"modified":"2025-11-07T10:38:13","modified_gmt":"2025-11-07T09:38:13","slug":"bt93","status":"publish","type":"page","link":"https:\/\/dragonaccel.com\/index.php\/bt93\/","title":{"rendered":"BT93"},"content":{"rendered":"\t\t<div data-elementor-type=\"wp-page\" data-elementor-id=\"30\" class=\"elementor elementor-30\">\n\t\t\t\t<div class=\"elementor-element elementor-element-1c60a5e e-flex e-con-boxed e-con e-parent\" data-id=\"1c60a5e\" data-element_type=\"container\" data-e-type=\"container\">\n\t\t\t\t\t<div class=\"e-con-inner\">\n\t\t<div class=\"elementor-element elementor-element-e1cf843 e-con-full e-flex e-con e-child\" data-id=\"e1cf843\" data-element_type=\"container\" data-e-type=\"container\">\n\t\t\t\t<div class=\"elementor-element elementor-element-981559e elementor-widget elementor-widget-image\" data-id=\"981559e\" data-element_type=\"widget\" data-e-type=\"widget\" data-widget_type=\"image.default\">\n\t\t\t\t<div class=\"elementor-widget-container\">\n\t\t\t\t\t\t\t\t\t\t\t\t\t\t\t<img fetchpriority=\"high\" decoding=\"async\" width=\"720\" height=\"720\" src=\"https:\/\/dragonaccel.com\/wp-content\/uploads\/2024\/01\/Couv-Single-BT93.jpg\" class=\"attachment-large size-large wp-image-172\" alt=\"\" srcset=\"https:\/\/dragonaccel.com\/wp-content\/uploads\/2024\/01\/Couv-Single-BT93.jpg 720w, https:\/\/dragonaccel.com\/wp-content\/uploads\/2024\/01\/Couv-Single-BT93-300x300.jpg 300w, https:\/\/dragonaccel.com\/wp-content\/uploads\/2024\/01\/Couv-Single-BT93-150x150.jpg 150w\" sizes=\"(max-width: 720px) 100vw, 720px\" \/>\t\t\t\t\t\t\t\t\t\t\t\t\t\t\t<\/div>\n\t\t\t\t<\/div>\n\t\t\t\t<\/div>\n\t\t<div class=\"elementor-element elementor-element-ca80513 e-con-full e-flex e-con e-child\" data-id=\"ca80513\" data-element_type=\"container\" data-e-type=\"container\">\n\t\t\t\t<div class=\"elementor-element elementor-element-2ea523d elementor-widget elementor-widget-heading\" data-id=\"2ea523d\" data-element_type=\"widget\" data-e-type=\"widget\" data-widget_type=\"heading.default\">\n\t\t\t\t<div class=\"elementor-widget-container\">\n\t\t\t\t\t<h2 class=\"elementor-heading-title elementor-size-default\">BT93<\/h2>\t\t\t\t<\/div>\n\t\t\t\t<\/div>\n\t\t\t\t<div class=\"elementor-element elementor-element-4fb0236 elementor-widget elementor-widget-button\" data-id=\"4fb0236\" data-element_type=\"widget\" data-e-type=\"widget\" data-widget_type=\"button.default\">\n\t\t\t\t<div class=\"elementor-widget-container\">\n\t\t\t\t\t\t\t\t\t<div class=\"elementor-button-wrapper\">\n\t\t\t\t\t<a class=\"elementor-button elementor-button-link elementor-size-sm elementor-animation-shrink\" href=\"https:\/\/www.youtube.com\/c\/BT93OFFICIEL\" target=\"_blank\">\n\t\t\t\t\t\t<span class=\"elementor-button-content-wrapper\">\n\t\t\t\t\t\t<span class=\"elementor-button-icon\">\n\t\t\t\t<i aria-hidden=\"true\" class=\"fas fa-angle-right\"><\/i>\t\t\t<\/span>\n\t\t\t\t\t\t\t\t\t<span class=\"elementor-button-text\">Youtube<\/span>\n\t\t\t\t\t<\/span>\n\t\t\t\t\t<\/a>\n\t\t\t\t<\/div>\n\t\t\t\t\t\t\t\t<\/div>\n\t\t\t\t<\/div>\n\t\t\t\t<div class=\"elementor-element elementor-element-75ebe4f elementor-widget elementor-widget-button\" data-id=\"75ebe4f\" data-element_type=\"widget\" data-e-type=\"widget\" data-widget_type=\"button.default\">\n\t\t\t\t<div class=\"elementor-widget-container\">\n\t\t\t\t\t\t\t\t\t<div class=\"elementor-button-wrapper\">\n\t\t\t\t\t<a class=\"elementor-button elementor-button-link elementor-size-sm elementor-animation-shrink\" href=\"https:\/\/www.facebook.com\/BT93.music\" target=\"_blank\">\n\t\t\t\t\t\t<span class=\"elementor-button-content-wrapper\">\n\t\t\t\t\t\t<span class=\"elementor-button-icon\">\n\t\t\t\t<i aria-hidden=\"true\" class=\"fas fa-angle-right\"><\/i>\t\t\t<\/span>\n\t\t\t\t\t\t\t\t\t<span class=\"elementor-button-text\">Facebook<\/span>\n\t\t\t\t\t<\/span>\n\t\t\t\t\t<\/a>\n\t\t\t\t<\/div>\n\t\t\t\t\t\t\t\t<\/div>\n\t\t\t\t<\/div>\n\t\t\t\t<div class=\"elementor-element elementor-element-aa7c1f4 elementor-widget elementor-widget-button\" data-id=\"aa7c1f4\" data-element_type=\"widget\" data-e-type=\"widget\" data-widget_type=\"button.default\">\n\t\t\t\t<div class=\"elementor-widget-container\">\n\t\t\t\t\t\t\t\t\t<div class=\"elementor-button-wrapper\">\n\t\t\t\t\t<a class=\"elementor-button elementor-button-link elementor-size-sm elementor-animation-shrink\" href=\"https:\/\/www.instagram.com\/BT93.music\" target=\"_blank\">\n\t\t\t\t\t\t<span class=\"elementor-button-content-wrapper\">\n\t\t\t\t\t\t<span class=\"elementor-button-icon\">\n\t\t\t\t<i aria-hidden=\"true\" class=\"fas fa-angle-right\"><\/i>\t\t\t<\/span>\n\t\t\t\t\t\t\t\t\t<span class=\"elementor-button-text\">Instagram<\/span>\n\t\t\t\t\t<\/span>\n\t\t\t\t\t<\/a>\n\t\t\t\t<\/div>\n\t\t\t\t\t\t\t\t<\/div>\n\t\t\t\t<\/div>\n\t\t\t\t<div class=\"elementor-element elementor-element-ad50b71 elementor-widget elementor-widget-button\" data-id=\"ad50b71\" data-element_type=\"widget\" data-e-type=\"widget\" data-widget_type=\"button.default\">\n\t\t\t\t<div class=\"elementor-widget-container\">\n\t\t\t\t\t\t\t\t\t<div class=\"elementor-button-wrapper\">\n\t\t\t\t\t<a class=\"elementor-button elementor-button-link elementor-size-sm elementor-animation-shrink\" href=\"https:\/\/Modulor.lnk.to\/BT2033\" target=\"_blank\">\n\t\t\t\t\t\t<span class=\"elementor-button-content-wrapper\">\n\t\t\t\t\t\t<span class=\"elementor-button-icon\">\n\t\t\t\t<i aria-hidden=\"true\" class=\"fas fa-angle-right\"><\/i>\t\t\t<\/span>\n\t\t\t\t\t\t\t\t\t<span class=\"elementor-button-text\"> Nouveaut\u00e9s \u00e0 \u00e9couter !<\/span>\n\t\t\t\t\t<\/span>\n\t\t\t\t\t<\/a>\n\t\t\t\t<\/div>\n\t\t\t\t\t\t\t\t<\/div>\n\t\t\t\t<\/div>\n\t\t\t\t<div class=\"elementor-element elementor-element-5e41399 elementor-widget elementor-widget-toggle\" data-id=\"5e41399\" data-element_type=\"widget\" data-e-type=\"widget\" data-widget_type=\"toggle.default\">\n\t\t\t\t<div class=\"elementor-widget-container\">\n\t\t\t\t\t\t\t<div class=\"elementor-toggle\">\n\t\t\t\t\t\t\t<div class=\"elementor-toggle-item\">\n\t\t\t\t\t<div id=\"elementor-tab-title-9881\" class=\"elementor-tab-title\" data-tab=\"1\" role=\"button\" aria-controls=\"elementor-tab-content-9881\" aria-expanded=\"false\">\n\t\t\t\t\t\t\t\t\t\t\t\t<span class=\"elementor-toggle-icon elementor-toggle-icon-left\" aria-hidden=\"true\">\n\t\t\t\t\t\t\t\t\t\t\t\t\t\t\t<span class=\"elementor-toggle-icon-closed\"><i class=\"fas fa-caret-right\"><\/i><\/span>\n\t\t\t\t\t\t\t\t<span class=\"elementor-toggle-icon-opened\"><i class=\"elementor-toggle-icon-opened fas fa-caret-up\"><\/i><\/span>\n\t\t\t\t\t\t\t\t\t\t\t\t\t<\/span>\n\t\t\t\t\t\t\t\t\t\t\t\t<a class=\"elementor-toggle-title\" tabindex=\"0\">Bio  de l'artiste<\/a>\n\t\t\t\t\t<\/div>\n\n\t\t\t\t\t<div id=\"elementor-tab-content-9881\" class=\"elementor-tab-content elementor-clearfix\" data-tab=\"1\" role=\"region\" aria-labelledby=\"elementor-tab-title-9881\"><p><\/p>\n<h5 align=\"JUSTIFY\" style=\"margin-bottom: 0.31cm\"><font face=\"Calibri, sans-serif\"><font size=\"3\">Tel&nbsp;un Sixto Rodriguez de l\u2019\u00e8re industrielle, BT93 sort du placard en&nbsp;2020, un peu par hasard. Des chansons, compos\u00e9es entre 1989 et 1994,&nbsp;s\u2019invitent sur les dance floor des soir\u00e9es branch\u00e9es, sans que&nbsp;l&rsquo;on sache&nbsp;vraiment d&rsquo;o\u00f9 elles viennent&#8230; Les jeunes s\u2019en&nbsp;emparent, fascin\u00e9s par leur son \u00ab&nbsp;vintage&nbsp;\u00bb, les quinquados&nbsp;s\u2019en d\u00e9lectent de chor\u00e9graphies \u00ab&nbsp;d\u2019\u00e9poque&nbsp;\u00bb et chacun bouge&nbsp;son corps sur un message on ne peut&nbsp;plus actuel, celui de la sauvagerie et de l\u2019absurdit\u00e9 du monde du&nbsp;travail : un&nbsp;quotidien que le jeune BT93 des ann\u00e9es 90 raconte en musique, seul&nbsp;dans sa chambre la nuit, apr\u00e8s ses heures de<br>costard-cravate.<\/font><\/font><\/h5>\n<h5 align=\"JUSTIFY\" style=\"margin-bottom: 0.31cm\"><font face=\"Calibri, sans-serif\"><font size=\"3\">25 ans plus tard, BT93 sort de sa retraite musicale, r\u00e9\u00e9dite ses \u00ab&nbsp;vieilles&nbsp;\u00bb chansons avec la complicit\u00e9 de Fr\u00e9d\u00e9ric Lo, cr\u00e9e le duo Hum Hum avec Sophie Verbeeck (EP \u00ab<i>&nbsp;Blueberries&nbsp;<\/i>\u00bb en 2019, album \u00ab<i>&nbsp;Traversant&nbsp;<\/i>\u00bb en 2021), et signe le dernier album de Stupeflip \u00ab&nbsp;<i>Stup Forever<\/i>&nbsp;\u00bb sur son label Dragon Accel. <\/font><\/font><br><\/h5>\n<h5 align=\"JUSTIFY\" style=\"margin-bottom: 0.31cm\"><font face=\"Calibri, sans-serif\"><font size=\"3\">Toujours aussi persiffleur, il vient de sortir un nouvel album solo \u00ab&nbsp;<i>BT2033<\/i>&nbsp;\u00bb, produit par Sainte Victoire, qui d\u00e9crypte le milieu du cin\u00e9ma qu\u2019il a c\u00f4toy\u00e9 une dizaine d&rsquo;ann\u00e9es, en tant que r\u00e9alisateur prim\u00e9 pour ses courts (Grand Prix Unifrance pour l&rsquo;un, nomm\u00e9 aux C\u00e9sar et pr\u00e9s\u00e9lectionn\u00e9 aux Oscars pour l&rsquo;autre&#8230;) et pour son premier long-m\u00e9trage <i>\u00ab Parenth\u00e8se \u00bb<\/i> en 2016, une com\u00e9die subtile sur la crise de la cinquantaine dont la musique est sign\u00e9e&#8230; Stupeflip, avec entre autres talents Sophie Verbeeck, la com\u00e9dienne et chanteuse de Hum Hum. On reste en famille.<i><br><\/i><\/font><\/font><\/h5><h5 align=\"JUSTIFY\" style=\"margin-bottom: 0.31cm\"><font face=\"Calibri, sans-serif\"><font size=\"3\"> <\/font><\/font><\/h5>\n<h5 align=\"JUSTIFY\" style=\"margin-bottom: 0.31cm\"><font face=\"Calibri, sans-serif\"><font size=\"3\">Influenc\u00e9 par Bowie, la new wave, Talking Heads et la musique progressive des ann\u00e9es 70, BT93&nbsp;alterne une synth pop dansante et engag\u00e9e et des chansons romantiques premier degr\u00e9, cultivant, avec son \u00e9ternel<br>costard-cravate, cette \u00e9tiquette coll\u00e9e par Technikart : \u00ab&nbsp;<i>BT93, le musicien des cols blancs<\/i> \u00bb.<\/font><\/font><\/h5>\n<p><style type=\"text\/css\">P { margin-bottom: 0.21<br><\/style>\n<\/p><\/div>\n\t\t\t\t<\/div>\n\t\t\t\t\t\t\t<div class=\"elementor-toggle-item\">\n\t\t\t\t\t<div id=\"elementor-tab-title-9882\" class=\"elementor-tab-title\" data-tab=\"2\" role=\"button\" aria-controls=\"elementor-tab-content-9882\" aria-expanded=\"false\">\n\t\t\t\t\t\t\t\t\t\t\t\t<span class=\"elementor-toggle-icon elementor-toggle-icon-left\" aria-hidden=\"true\">\n\t\t\t\t\t\t\t\t\t\t\t\t\t\t\t<span class=\"elementor-toggle-icon-closed\"><i class=\"fas fa-caret-right\"><\/i><\/span>\n\t\t\t\t\t\t\t\t<span class=\"elementor-toggle-icon-opened\"><i class=\"elementor-toggle-icon-opened fas fa-caret-up\"><\/i><\/span>\n\t\t\t\t\t\t\t\t\t\t\t\t\t<\/span>\n\t\t\t\t\t\t\t\t\t\t\t\t<a class=\"elementor-toggle-title\" tabindex=\"0\">Discographie<\/a>\n\t\t\t\t\t<\/div>\n\n\t\t\t\t\t<div id=\"elementor-tab-content-9882\" class=\"elementor-tab-content elementor-clearfix\" data-tab=\"2\" role=\"region\" aria-labelledby=\"elementor-tab-title-9882\"><p><span style=\"font-size:11pt;font-family:Arial,sans-serif;color:#000000;background-color:transparent;font-weight:400;font-style:normal;font-variant:normal;text-decoration:none;vertical-align:baseline;white-space:pre;white-space:pre-wrap;\" id=\"docs-internal-guid-7b3ba8ff-7fff-f9ed-3748-3ac40d84037b\">1987 : Sc\u00e9nario &#8211; Mauvais r\u00eave (K7)<\/span><span style=\"font-size:11pt;font-family:Arial,sans-serif;color:#000000;background-color:transparent;font-weight:400;font-style:normal;font-variant:normal;text-decoration:none;vertical-align:baseline;white-space:pre;white-space:pre-wrap;\"><br><\/span><span style=\"font-size:11pt;font-family:Arial,sans-serif;color:#000000;background-color:transparent;font-weight:400;font-style:normal;font-variant:normal;text-decoration:none;vertical-align:baseline;white-space:pre;white-space:pre-wrap;\">1991 : SAF &#8211; Gorgui (K7)<\/span><span style=\"font-size:11pt;font-family:Arial,sans-serif;color:#000000;background-color:transparent;font-weight:400;font-style:normal;font-variant:normal;text-decoration:none;vertical-align:baseline;white-space:pre;white-space:pre-wrap;\"><br><\/span><span style=\"font-size:11pt;font-family:Arial,sans-serif;color:#000000;background-color:transparent;font-weight:400;font-style:normal;font-variant:normal;text-decoration:none;vertical-align:baseline;white-space:pre;white-space:pre-wrap;\">1992 : SAF &#8211; Salamalecoum (K7)<\/span><span style=\"font-size:11pt;font-family:Arial,sans-serif;color:#000000;background-color:transparent;font-weight:400;font-style:normal;font-variant:normal;text-decoration:none;vertical-align:baseline;white-space:pre;white-space:pre-wrap;\"><br><\/span><span style=\"font-size:11pt;font-family:Arial,sans-serif;color:#000000;background-color:transparent;font-weight:400;font-style:normal;font-variant:normal;text-decoration:none;vertical-align:baseline;white-space:pre;white-space:pre-wrap;\">1993 : Bernard Tanguy &#8211; La hi\u00e9rarchie chie (EP)<\/span><span style=\"font-size:11pt;font-family:Arial,sans-serif;color:#000000;background-color:transparent;font-weight:400;font-style:normal;font-variant:normal;text-decoration:none;vertical-align:baseline;white-space:pre;white-space:pre-wrap;\"><br><\/span><span style=\"font-size:11pt;font-family:Arial,sans-serif;color:#000000;background-color:transparent;font-weight:400;font-style:normal;font-variant:normal;text-decoration:none;vertical-align:baseline;white-space:pre;white-space:pre-wrap;\">2019 : Hum Hum &#8211; Blueberries (EP) (Dragon Accel \/ Difer-ant)<\/span><span style=\"font-size:11pt;font-family:Arial,sans-serif;color:#000000;background-color:transparent;font-weight:400;font-style:normal;font-variant:normal;text-decoration:none;vertical-align:baseline;white-space:pre;white-space:pre-wrap;\"><br><\/span><span style=\"font-size:11pt;font-family:Arial,sans-serif;color:#000000;background-color:transparent;font-weight:400;font-style:normal;font-variant:normal;text-decoration:none;vertical-align:baseline;white-space:pre;white-space:pre-wrap;\">2020 : BT93 &#8211; BT93 (album) (Dragon Accel)<\/span><span style=\"font-size:11pt;font-family:Arial,sans-serif;color:#000000;background-color:transparent;font-weight:400;font-style:normal;font-variant:normal;text-decoration:none;vertical-align:baseline;white-space:pre;white-space:pre-wrap;\"><br><\/span><span style=\"font-size:11pt;font-family:Arial,sans-serif;color:#000000;background-color:transparent;font-weight:400;font-style:normal;font-variant:normal;text-decoration:none;vertical-align:baseline;white-space:pre;white-space:pre-wrap;\">2021 :<\/span><a href=\"https:\/\/modulor-records.com\/fr\/boutique\/hum-hum\/traversant\/\" target=\"_blank\"> Hum Hum &#8211; Traversant<\/a><span style=\"font-size:11pt;font-family:Arial,sans-serif;color:#000000;background-color:transparent;font-weight:400;font-style:normal;font-variant:normal;text-decoration:none;vertical-align:baseline;white-space:pre;white-space:pre-wrap;\"> (Album) (Dragon Accel \/ Modulor)<\/span><span style=\"font-size:11pt;font-family:Arial,sans-serif;color:#000000;background-color:transparent;font-weight:400;font-style:normal;font-variant:normal;text-decoration:none;vertical-align:baseline;white-space:pre;white-space:pre-wrap;\"><br><\/span><span style=\"font-size:11pt;font-family:Arial,sans-serif;color:#000000;background-color:transparent;font-weight:400;font-style:normal;font-variant:normal;text-decoration:none;vertical-align:baseline;white-space:pre;white-space:pre-wrap;\">2023 : <\/span><a href=\"https:\/\/modulor-records.com\/fr\/boutique\/bt93\/bt2033\/\" target=\"_blank\">BT93 &#8211; BT2033<\/a><span style=\"font-size:11pt;font-family:Arial,sans-serif;color:#000000;background-color:transparent;font-weight:400;font-style:normal;font-variant:normal;text-decoration:none;vertical-align:baseline;white-space:pre;white-space:pre-wrap;\"> (Album) (Dragon Accel \/ Modulor)<\/span><\/p><\/div>\n\t\t\t\t<\/div>\n\t\t\t\t\t\t\t\t<\/div>\n\t\t\t\t\t\t<\/div>\n\t\t\t\t<\/div>\n\t\t\t\t<\/div>\n\t\t\t\t\t<\/div>\n\t\t\t\t<\/div>\n\t\t<div class=\"elementor-element elementor-element-6f9295b e-flex e-con-boxed e-con e-parent\" data-id=\"6f9295b\" data-element_type=\"container\" data-e-type=\"container\">\n\t\t\t\t\t<div class=\"e-con-inner\">\n\t\t\t\t<div class=\"elementor-element elementor-element-9ec43d7 elementor-arrows-position-inside elementor-pagination-position-outside elementor-widget elementor-widget-image-carousel\" data-id=\"9ec43d7\" data-element_type=\"widget\" data-e-type=\"widget\" data-settings=\"{&quot;slides_to_show&quot;:&quot;2&quot;,&quot;navigation&quot;:&quot;both&quot;,&quot;autoplay&quot;:&quot;yes&quot;,&quot;pause_on_hover&quot;:&quot;yes&quot;,&quot;pause_on_interaction&quot;:&quot;yes&quot;,&quot;autoplay_speed&quot;:5000,&quot;infinite&quot;:&quot;yes&quot;,&quot;speed&quot;:500}\" data-widget_type=\"image-carousel.default\">\n\t\t\t\t<div class=\"elementor-widget-container\">\n\t\t\t\t\t\t\t<div class=\"elementor-image-carousel-wrapper swiper\" role=\"region\" aria-roledescription=\"carousel\" aria-label=\"Carrousel d\u2019images\" dir=\"ltr\">\n\t\t\t<div class=\"elementor-image-carousel swiper-wrapper swiper-image-stretch\" aria-live=\"off\">\n\t\t\t\t\t\t\t\t<div class=\"swiper-slide\" role=\"group\" aria-roledescription=\"slide\" aria-label=\"1 sur 5\"><a data-elementor-open-lightbox=\"yes\" data-elementor-lightbox-slideshow=\"9ec43d7\" data-elementor-lightbox-title=\"BT93 - Apparemment c&#039;est normal\" data-e-action-hash=\"#elementor-action%3Aaction%3Dlightbox%26settings%3DeyJpZCI6NzA2LCJ1cmwiOiJodHRwczpcL1wvZHJhZ29uYWNjZWwuY29tXC93cC1jb250ZW50XC91cGxvYWRzXC8yMDI1XC8xMVwvQlQ5My1BcHBhcmVtbWVudC1jZXN0LW5vcm1hbC5qcGVnIiwic2xpZGVzaG93IjoiOWVjNDNkNyJ9\" href=\"https:\/\/youtube.com\/playlist?list=PL6HzagRpdD7eJaX1zoW23y3xCV8jVOsIc&#038;si=QNu5eOBJG_EnkmxS\" target=\"_blank\"><figure class=\"swiper-slide-inner\"><img decoding=\"async\" class=\"swiper-slide-image\" src=\"https:\/\/dragonaccel.com\/wp-content\/uploads\/2025\/11\/BT93-Apparemment-cest-normal.jpeg\" alt=\"BT93 - Apparemment c&#039;est normal\" \/><\/figure><\/a><\/div><div class=\"swiper-slide\" role=\"group\" aria-roledescription=\"slide\" aria-label=\"2 sur 5\"><a data-elementor-open-lightbox=\"yes\" data-elementor-lightbox-slideshow=\"9ec43d7\" data-elementor-lightbox-title=\"maxresdefault\" data-e-action-hash=\"#elementor-action%3Aaction%3Dlightbox%26settings%3DeyJpZCI6MjM1LCJ1cmwiOiJodHRwczpcL1wvZHJhZ29uYWNjZWwuY29tXC93cC1jb250ZW50XC91cGxvYWRzXC8yMDI0XC8wMVwvbWF4cmVzZGVmYXVsdC0xLmpwZyIsInNsaWRlc2hvdyI6IjllYzQzZDcifQ%3D%3D\" href=\"https:\/\/youtube.com\/playlist?list=PL6HzagRpdD7eJaX1zoW23y3xCV8jVOsIc&#038;si=QNu5eOBJG_EnkmxS\" target=\"_blank\"><figure class=\"swiper-slide-inner\"><img decoding=\"async\" class=\"swiper-slide-image\" src=\"https:\/\/dragonaccel.com\/wp-content\/uploads\/2024\/01\/maxresdefault-1-768x432.jpg\" alt=\"maxresdefault\" \/><\/figure><\/a><\/div><div class=\"swiper-slide\" role=\"group\" aria-roledescription=\"slide\" aria-label=\"3 sur 5\"><a data-elementor-open-lightbox=\"yes\" data-elementor-lightbox-slideshow=\"9ec43d7\" data-elementor-lightbox-title=\"couv YouTube\" data-e-action-hash=\"#elementor-action%3Aaction%3Dlightbox%26settings%3DeyJpZCI6MjMzLCJ1cmwiOiJodHRwczpcL1wvZHJhZ29uYWNjZWwuY29tXC93cC1jb250ZW50XC91cGxvYWRzXC8yMDI0XC8wMVwvY291di1Zb3VUdWJlLmpwZyIsInNsaWRlc2hvdyI6IjllYzQzZDcifQ%3D%3D\" href=\"https:\/\/youtube.com\/playlist?list=PL6HzagRpdD7eJaX1zoW23y3xCV8jVOsIc&#038;si=QNu5eOBJG_EnkmxS\" target=\"_blank\"><figure class=\"swiper-slide-inner\"><img decoding=\"async\" class=\"swiper-slide-image\" src=\"https:\/\/dragonaccel.com\/wp-content\/uploads\/2024\/01\/couv-YouTube-768x432.jpg\" alt=\"couv YouTube\" \/><\/figure><\/a><\/div><div class=\"swiper-slide\" role=\"group\" aria-roledescription=\"slide\" aria-label=\"4 sur 5\"><a data-elementor-open-lightbox=\"yes\" data-elementor-lightbox-slideshow=\"9ec43d7\" data-elementor-lightbox-title=\"Boulet_cover_YouTube\" data-e-action-hash=\"#elementor-action%3Aaction%3Dlightbox%26settings%3DeyJpZCI6MjM4LCJ1cmwiOiJodHRwczpcL1wvZHJhZ29uYWNjZWwuY29tXC93cC1jb250ZW50XC91cGxvYWRzXC8yMDI0XC8wMVwvQm91bGV0X2NvdmVyX1lvdVR1YmUuanBnIiwic2xpZGVzaG93IjoiOWVjNDNkNyJ9\" href=\"https:\/\/youtube.com\/playlist?list=PL6HzagRpdD7eJaX1zoW23y3xCV8jVOsIc&#038;si=QNu5eOBJG_EnkmxS\" target=\"_blank\"><figure class=\"swiper-slide-inner\"><img decoding=\"async\" class=\"swiper-slide-image\" src=\"https:\/\/dragonaccel.com\/wp-content\/uploads\/2024\/01\/Boulet_cover_YouTube-768x432.jpg\" alt=\"Boulet_cover_YouTube\" \/><\/figure><\/a><\/div><div class=\"swiper-slide\" role=\"group\" aria-roledescription=\"slide\" aria-label=\"5 sur 5\"><a data-elementor-open-lightbox=\"yes\" data-elementor-lightbox-slideshow=\"9ec43d7\" data-elementor-lightbox-title=\"cover Youtube Lahierarchiechie\" data-e-action-hash=\"#elementor-action%3Aaction%3Dlightbox%26settings%3DeyJpZCI6MjM0LCJ1cmwiOiJodHRwczpcL1wvZHJhZ29uYWNjZWwuY29tXC93cC1jb250ZW50XC91cGxvYWRzXC8yMDI0XC8wMVwvY292ZXItWW91dHViZS1MYWhpZXJhcmNoaWVjaGllLmpwZyIsInNsaWRlc2hvdyI6IjllYzQzZDcifQ%3D%3D\" href=\"https:\/\/youtube.com\/playlist?list=PL6HzagRpdD7eJaX1zoW23y3xCV8jVOsIc&#038;si=QNu5eOBJG_EnkmxS\" target=\"_blank\"><figure class=\"swiper-slide-inner\"><img decoding=\"async\" class=\"swiper-slide-image\" src=\"https:\/\/dragonaccel.com\/wp-content\/uploads\/2024\/01\/cover-Youtube-Lahierarchiechie-768x433.jpg\" alt=\"cover Youtube Lahierarchiechie\" \/><\/figure><\/a><\/div>\t\t\t<\/div>\n\t\t\t\t\t\t\t\t\t\t\t\t<div class=\"elementor-swiper-button elementor-swiper-button-prev\" role=\"button\" tabindex=\"0\">\n\t\t\t\t\t\t<i aria-hidden=\"true\" class=\"eicon-chevron-left\"><\/i>\t\t\t\t\t<\/div>\n\t\t\t\t\t<div class=\"elementor-swiper-button elementor-swiper-button-next\" role=\"button\" tabindex=\"0\">\n\t\t\t\t\t\t<i aria-hidden=\"true\" class=\"eicon-chevron-right\"><\/i>\t\t\t\t\t<\/div>\n\t\t\t\t\n\t\t\t\t\t\t\t\t\t<div class=\"swiper-pagination\"><\/div>\n\t\t\t\t\t\t\t\t\t<\/div>\n\t\t\t\t\t\t<\/div>\n\t\t\t\t<\/div>\n\t\t\t\t\t<\/div>\n\t\t\t\t<\/div>\n\t\t<div class=\"elementor-element elementor-element-b378e83 e-flex e-con-boxed e-con e-parent\" data-id=\"b378e83\" data-element_type=\"container\" data-e-type=\"container\">\n\t\t\t\t\t<div class=\"e-con-inner\">\n\t\t\t\t<div class=\"elementor-element elementor-element-5bcb0b8 elementor-widget-divider--view-line elementor-widget elementor-widget-divider\" data-id=\"5bcb0b8\" data-element_type=\"widget\" data-e-type=\"widget\" data-widget_type=\"divider.default\">\n\t\t\t\t<div class=\"elementor-widget-container\">\n\t\t\t\t\t\t\t<div class=\"elementor-divider\">\n\t\t\t<span class=\"elementor-divider-separator\">\n\t\t\t\t\t\t<\/span>\n\t\t<\/div>\n\t\t\t\t\t\t<\/div>\n\t\t\t\t<\/div>\n\t\t\t\t<div class=\"elementor-element elementor-element-4dcc76e elementor-widget elementor-widget-image\" data-id=\"4dcc76e\" data-element_type=\"widget\" data-e-type=\"widget\" data-widget_type=\"image.default\">\n\t\t\t\t<div class=\"elementor-widget-container\">\n\t\t\t\t\t\t\t\t\t\t\t\t\t\t\t<img decoding=\"async\" width=\"1024\" height=\"448\" src=\"https:\/\/dragonaccel.com\/wp-content\/uploads\/2024\/01\/BT93-6-Yann-Orhan-1024x448.jpg\" class=\"attachment-large size-large wp-image-175\" alt=\"\" srcset=\"https:\/\/dragonaccel.com\/wp-content\/uploads\/2024\/01\/BT93-6-Yann-Orhan-1024x448.jpg 1024w, https:\/\/dragonaccel.com\/wp-content\/uploads\/2024\/01\/BT93-6-Yann-Orhan-300x131.jpg 300w, https:\/\/dragonaccel.com\/wp-content\/uploads\/2024\/01\/BT93-6-Yann-Orhan-768x336.jpg 768w, https:\/\/dragonaccel.com\/wp-content\/uploads\/2024\/01\/BT93-6-Yann-Orhan-1536x671.jpg 1536w, https:\/\/dragonaccel.com\/wp-content\/uploads\/2024\/01\/BT93-6-Yann-Orhan-2048x895.jpg 2048w, https:\/\/dragonaccel.com\/wp-content\/uploads\/2024\/01\/BT93-6-Yann-Orhan-1920x839.jpg 1920w\" sizes=\"(max-width: 1024px) 100vw, 1024px\" \/>\t\t\t\t\t\t\t\t\t\t\t\t\t\t\t<\/div>\n\t\t\t\t<\/div>\n\t\t\t\t<div class=\"elementor-element elementor-element-71bb98c elementor-widget elementor-widget-text-editor\" data-id=\"71bb98c\" data-element_type=\"widget\" data-e-type=\"widget\" data-widget_type=\"text-editor.default\">\n\t\t\t\t<div class=\"elementor-widget-container\">\n\t\t\t\t\t\t\t\t\t<span style=\"font-style: italic;\">Presse,\n                                                                radio \u2013 Sorya\n                                                                Lum<br>\n                                                                <a target=\"_blank\" href=\"mailto:soryalum@gmail.com\">soryalum@gmail.com<\/a><br>\n                                                                Web \u2013&nbsp;\n                                                                Xavier\n                                                                Chezlepr\u00eatre<br>\n                                                                <a target=\"_blank\" href=\"mailto:xavier@attitude-net.com\">xavier@attitude-net.com<\/a><\/span>\t\t\t\t\t\t\t\t<\/div>\n\t\t\t\t<\/div>\n\t\t\t\t\t<\/div>\n\t\t\t\t<\/div>\n\t\t\t\t<\/div>\n\t\t","protected":false},"excerpt":{"rendered":"<p>BT93 Youtube Facebook Instagram Nouveaut\u00e9s \u00e0 \u00e9couter ! Bio de l&rsquo;artiste Tel&nbsp;un Sixto Rodriguez de l\u2019\u00e8re industrielle, BT93 sort du placard en&nbsp;2020, un peu par hasard. Des chansons, compos\u00e9es entre 1989 et 1994,&nbsp;s\u2019invitent sur les dance floor des soir\u00e9es branch\u00e9es, sans que&nbsp;l&rsquo;on sache&nbsp;vraiment d&rsquo;o\u00f9 elles viennent&#8230; Les jeunes s\u2019en&nbsp;emparent, fascin\u00e9s par leur son \u00ab&nbsp;vintage&nbsp;\u00bb, les [&hellip;]<\/p>\n","protected":false},"author":1,"featured_media":0,"parent":0,"menu_order":0,"comment_status":"closed","ping_status":"closed","template":"full-width","meta":{"saved_in_kubio":true,"footnotes":""},"class_list":["post-30","page","type-page","status-publish","hentry"],"kubio_ai_page_context":{"short_desc":"","purpose":"general"},"_links":{"self":[{"href":"https:\/\/dragonaccel.com\/index.php\/wp-json\/wp\/v2\/pages\/30","targetHints":{"allow":["GET"]}}],"collection":[{"href":"https:\/\/dragonaccel.com\/index.php\/wp-json\/wp\/v2\/pages"}],"about":[{"href":"https:\/\/dragonaccel.com\/index.php\/wp-json\/wp\/v2\/types\/page"}],"author":[{"embeddable":true,"href":"https:\/\/dragonaccel.com\/index.php\/wp-json\/wp\/v2\/users\/1"}],"replies":[{"embeddable":true,"href":"https:\/\/dragonaccel.com\/index.php\/wp-json\/wp\/v2\/comments?post=30"}],"version-history":[{"count":66,"href":"https:\/\/dragonaccel.com\/index.php\/wp-json\/wp\/v2\/pages\/30\/revisions"}],"predecessor-version":[{"id":709,"href":"https:\/\/dragonaccel.com\/index.php\/wp-json\/wp\/v2\/pages\/30\/revisions\/709"}],"wp:attachment":[{"href":"https:\/\/dragonaccel.com\/index.php\/wp-json\/wp\/v2\/media?parent=30"}],"curies":[{"name":"wp","href":"https:\/\/api.w.org\/{rel}","templated":true}]}}